{"id":1429,"date":"2019-10-08T08:36:59","date_gmt":"2019-10-08T08:36:59","guid":{"rendered":"https:\/\/calabriconstruccions.com\/contacto-calabri-contrucciones-y-promociones-en-fornalutx-mallorca\/"},"modified":"2022-08-09T07:37:02","modified_gmt":"2022-08-09T07:37:02","slug":"contacte-calabri-contruccions-i-promocions-a-fornalutx-mallorca","status":"publish","type":"page","link":"https:\/\/calabriconstruccions.com\/ca\/contacte-calabri-contruccions-i-promocions-a-fornalutx-mallorca\/","title":{"rendered":"Contacte"},"content":{"rendered":"\t\t<div data-elementor-type=\"wp-page\" data-elementor-id=\"1429\" class=\"elementor elementor-1429\" data-elementor-settings=\"[]\">\n\t\t\t\t\t\t<div class=\"elementor-inner\">\n\t\t\t\t\t\t\t<div class=\"elementor-section-wrap\">\n\t\t\t\t\t\t\t<section class=\"elementor-section elementor-top-section elementor-element elementor-element-d94f356 elementor-reverse-mobile elementor-section-boxed elementor-section-height-default elementor-section-height-default\" data-id=\"d94f356\" data-element_type=\"section\" data-settings=\"{&quot;background_background&quot;:&quot;classic&quot;}\">\n\t\t\t\t\t\t<div class=\"elementor-container elementor-column-gap-no\">\n\t\t\t\t\t\t\t<div class=\"elementor-row\">\n\t\t\t\t\t<div class=\"aux-parallax-section elementor-column elementor-col-33 elementor-top-column elementor-element elementor-element-3864bf2\" data-id=\"3864bf2\" data-element_type=\"column\">\n\t\t\t<div class=\"elementor-column-wrap\">\n\t\t\t\t\t\t\t<div class=\"elementor-widget-wrap\">\n\t\t\t\t\t\t\t\t<\/div>\n\t\t\t\t\t<\/div>\n\t\t<\/div>\n\t\t\t\t<div class=\"aux-parallax-section elementor-column elementor-col-33 elementor-top-column elementor-element elementor-element-15e04c7\" data-id=\"15e04c7\" data-element_type=\"column\">\n\t\t\t<div class=\"elementor-column-wrap elementor-element-populated\">\n\t\t\t\t\t\t\t<div class=\"elementor-widget-wrap\">\n\t\t\t\t\t\t<div class=\"elementor-element elementor-element-f2897fd aux-appear-watch-animation aux-fade-in-up elementor-widget elementor-widget-aux_modern_heading\" data-id=\"f2897fd\" data-element_type=\"widget\" data-widget_type=\"aux_modern_heading.default\">\n\t\t\t\t<div class=\"elementor-widget-container\">\n\t\t\t<section class=\"aux-widget-modern-heading\">\n            <div class=\"aux-widget-inner\"><h1 class=\"aux-modern-heading-primary\">Ens encantar\u00e0 con\u00e8ixer el teu projecte<\/h1><\/div>\n        <\/section>\t\t<\/div>\n\t\t\t\t<\/div>\n\t\t\t\t<div class=\"elementor-element elementor-element-a031376 elementor-widget-divider--view-line elementor-widget elementor-widget-divider\" data-id=\"a031376\" data-element_type=\"widget\" data-widget_type=\"divider.default\">\n\t\t\t\t<div class=\"elementor-widget-container\">\n\t\t\t\t\t<div class=\"elementor-divider\">\n\t\t\t<span class=\"elementor-divider-separator\">\n\t\t\t\t\t\t<\/span>\n\t\t<\/div>\n\t\t\t\t<\/div>\n\t\t\t\t<\/div>\n\t\t\t\t<div class=\"elementor-element elementor-element-81ef16b elementor-widget elementor-widget-spacer\" data-id=\"81ef16b\" data-element_type=\"widget\" data-widget_type=\"spacer.default\">\n\t\t\t\t<div class=\"elementor-widget-container\">\n\t\t\t\t\t<div class=\"elementor-spacer\">\n\t\t\t<div class=\"elementor-spacer-inner\"><\/div>\n\t\t<\/div>\n\t\t\t\t<\/div>\n\t\t\t\t<\/div>\n\t\t\t\t<div class=\"elementor-element elementor-element-37d2361 elementor-widget elementor-widget-heading\" data-id=\"37d2361\" data-element_type=\"widget\" data-widget_type=\"heading.default\">\n\t\t\t\t<div class=\"elementor-widget-container\">\n\t\t\t<div class=\"elementor-heading-title elementor-size-default\">POSA'T EN CONTACTE AMB NOSALTRE<\/div>\t\t<\/div>\n\t\t\t\t<\/div>\n\t\t\t\t\t\t<\/div>\n\t\t\t\t\t<\/div>\n\t\t<\/div>\n\t\t\t\t<div class=\"aux-parallax-section elementor-column elementor-col-33 elementor-top-column elementor-element elementor-element-0ae19e8\" data-id=\"0ae19e8\" data-element_type=\"column\">\n\t\t\t<div class=\"elementor-column-wrap\">\n\t\t\t\t\t\t\t<div class=\"elementor-widget-wrap\">\n\t\t\t\t\t\t\t\t<\/div>\n\t\t\t\t\t<\/div>\n\t\t<\/div>\n\t\t\t\t\t\t\t\t<\/div>\n\t\t\t\t\t<\/div>\n\t\t<\/section>\n\t\t\t\t<section class=\"elementor-section elementor-top-section elementor-element elementor-element-091620d elementor-section-boxed elementor-section-height-default elementor-section-height-default\" data-id=\"091620d\" data-element_type=\"section\">\n\t\t\t\t\t\t<div class=\"elementor-container elementor-column-gap-default\">\n\t\t\t\t\t\t\t<div class=\"elementor-row\">\n\t\t\t\t\t<div class=\"aux-parallax-section elementor-column elementor-col-33 elementor-top-column elementor-element elementor-element-fcc7ef8\" data-id=\"fcc7ef8\" data-element_type=\"column\">\n\t\t\t<div class=\"elementor-column-wrap\">\n\t\t\t\t\t\t\t<div class=\"elementor-widget-wrap\">\n\t\t\t\t\t\t\t\t<\/div>\n\t\t\t\t\t<\/div>\n\t\t<\/div>\n\t\t\t\t<div class=\"aux-parallax-section elementor-column elementor-col-33 elementor-top-column elementor-element elementor-element-817d6fd\" data-id=\"817d6fd\" data-element_type=\"column\" data-settings=\"{&quot;background_background&quot;:&quot;classic&quot;}\">\n\t\t\t<div class=\"elementor-column-wrap elementor-element-populated\">\n\t\t\t\t\t\t\t<div class=\"elementor-widget-wrap\">\n\t\t\t\t\t\t<section class=\"elementor-section elementor-inner-section elementor-element elementor-element-b578ad0 elementor-section-boxed elementor-section-height-default elementor-section-height-default\" data-id=\"b578ad0\" data-element_type=\"section\">\n\t\t\t\t\t\t<div class=\"elementor-container elementor-column-gap-wide\">\n\t\t\t\t\t\t\t<div class=\"elementor-row\">\n\t\t\t\t\t<div class=\"aux-parallax-section elementor-column elementor-col-50 elementor-inner-column elementor-element elementor-element-dc1a981\" data-id=\"dc1a981\" data-element_type=\"column\">\n\t\t\t<div class=\"elementor-column-wrap elementor-element-populated\">\n\t\t\t\t\t\t\t<div class=\"elementor-widget-wrap\">\n\t\t\t\t\t\t<div class=\"elementor-element elementor-element-a816967 elementor-widget elementor-widget-text-editor\" data-id=\"a816967\" data-element_type=\"widget\" data-widget_type=\"text-editor.default\">\n\t\t\t\t<div class=\"elementor-widget-container\">\n\t\t\t\t\t\t\t\t<div class=\"elementor-text-editor elementor-clearfix\">\n\t\t\t\t<iframe src=\"https:\/\/www.google.com\/maps\/embed?pb=!1m14!1m8!1m3!1d24528.967236171113!2d2.741!3d39.781842!3m2!1i1024!2i768!4f13.1!3m3!1m2!1s0x0%3A0x9f85c73399aa1963!2sCalabri%20Construcciones%20Y%20Promociones%20S%20L!5e0!3m2!1ses!2ses!4v1631219439698!5m2!1ses!2ses\" width=\"600\" height=\"450\" style=\"border:0;\" allowfullscreen=\"\" loading=\"lazy\"><\/iframe>\t\t\t\t\t<\/div>\n\t\t\t\t\t\t<\/div>\n\t\t\t\t<\/div>\n\t\t\t\t\t\t<\/div>\n\t\t\t\t\t<\/div>\n\t\t<\/div>\n\t\t\t\t<div class=\"aux-parallax-section elementor-column elementor-col-50 elementor-inner-column elementor-element elementor-element-f01434a\" data-id=\"f01434a\" data-element_type=\"column\">\n\t\t\t<div class=\"elementor-column-wrap elementor-element-populated\">\n\t\t\t\t\t\t\t<div class=\"elementor-widget-wrap\">\n\t\t\t\t\t\t<div class=\"elementor-element elementor-element-cc0fac5 elementor-widget elementor-widget-heading\" data-id=\"cc0fac5\" data-element_type=\"widget\" data-widget_type=\"heading.default\">\n\t\t\t\t<div class=\"elementor-widget-container\">\n\t\t\t<h2 class=\"elementor-heading-title elementor-size-default\">Som una empresa amb \u00e0mplia experi\u00e8ncia en el sector de la construcci\u00f3.<\/h2>\t\t<\/div>\n\t\t\t\t<\/div>\n\t\t\t\t<div class=\"elementor-element elementor-element-2726861 elementor-widget elementor-widget-heading\" data-id=\"2726861\" data-element_type=\"widget\" data-widget_type=\"heading.default\">\n\t\t\t\t<div class=\"elementor-widget-container\">\n\t\t\t<h2 class=\"elementor-heading-title elementor-size-default\">Posa't en contacte amb nosaltres<\/h2>\t\t<\/div>\n\t\t\t\t<\/div>\n\t\t\t\t<div class=\"elementor-element elementor-element-20e48c5 elementor-widget-divider--view-line elementor-widget elementor-widget-divider\" data-id=\"20e48c5\" data-element_type=\"widget\" data-widget_type=\"divider.default\">\n\t\t\t\t<div class=\"elementor-widget-container\">\n\t\t\t\t\t<div class=\"elementor-divider\">\n\t\t\t<span class=\"elementor-divider-separator\">\n\t\t\t\t\t\t<\/span>\n\t\t<\/div>\n\t\t\t\t<\/div>\n\t\t\t\t<\/div>\n\t\t\t\t<div class=\"elementor-element elementor-element-08ddd55 elementor-widget elementor-widget-text-editor\" data-id=\"08ddd55\" data-element_type=\"widget\" data-widget_type=\"text-editor.default\">\n\t\t\t\t<div class=\"elementor-widget-container\">\n\t\t\t\t\t\t\t\t<div class=\"elementor-text-editor elementor-clearfix\">\n\t\t\t\t<div class=\"wpb_column vc_column_container vc_col-sm-6\"><div class=\"vc_column-inner vc_custom_1527752518635\"><div class=\"wpb_wrapper\"><div class=\"wpb_text_column wpb_content_element \"><div class=\"wpb_wrapper\"><div class=\"left\"><div class=\"wncms-obj\"><div class=\"htmlText\"><p class=\"address-info\">c\/ Alba, 2 &#8211; 07109 Fornalutx, Mallorca<br \/>Tel: +34 971 638 405<br \/>M\u00f3vil: 0034 659 684 766<\/p><p class=\"phone-info\">+34 971 638 405<\/p><\/div><\/div><\/div><\/div><\/div><\/div><\/div><\/div>\t\t\t\t\t<\/div>\n\t\t\t\t\t\t<\/div>\n\t\t\t\t<\/div>\n\t\t\t\t<div class=\"elementor-element elementor-element-507fdd1 elementor-align-left elementor-widget elementor-widget-button\" data-id=\"507fdd1\" data-element_type=\"widget\" data-widget_type=\"button.default\">\n\t\t\t\t<div class=\"elementor-widget-container\">\n\t\t\t\t\t<div class=\"elementor-button-wrapper\">\n\t\t\t<a href=\"mailto:toni.calabri@gmail.com\" class=\"elementor-button-link elementor-button elementor-size-sm\" role=\"button\">\n\t\t\t\t\t\t<span class=\"elementor-button-content-wrapper\">\n\t\t\t\t\t\t<span class=\"elementor-button-text\">toni.calabri@gmail.com<\/span>\n\t\t<\/span>\n\t\t\t\t\t<\/a>\n\t\t<\/div>\n\t\t\t\t<\/div>\n\t\t\t\t<\/div>\n\t\t\t\t<div class=\"elementor-element elementor-element-82c9c42 elementor-widget elementor-widget-spacer\" data-id=\"82c9c42\" data-element_type=\"widget\" data-widget_type=\"spacer.default\">\n\t\t\t\t<div class=\"elementor-widget-container\">\n\t\t\t\t\t<div class=\"elementor-spacer\">\n\t\t\t<div class=\"elementor-spacer-inner\"><\/div>\n\t\t<\/div>\n\t\t\t\t<\/div>\n\t\t\t\t<\/div>\n\t\t\t\t<div class=\"elementor-element elementor-element-2f407bb elementor-widget elementor-widget-aux_contact_form\" data-id=\"2f407bb\" data-element_type=\"widget\" data-widget_type=\"aux_contact_form.default\">\n\t\t\t\t<div class=\"elementor-widget-container\">\n\t\t\t<section class=\"widget-container aux-widget-contact-form aux-parent-au77287bfa\" style=\"\" >            <div class=\"aux-col-wrapper aux-no-gutter\">\n            <!-- @TODO - The output for element here -->\n\n            <div role=\"form\" class=\"wpcf7\" id=\"wpcf7-f312-o1\" lang=\"en-US\" dir=\"ltr\">\n<div class=\"screen-reader-response\"><p role=\"status\" aria-live=\"polite\" aria-atomic=\"true\"><\/p> <ul><\/ul><\/div>\n<form action=\"\/ca\/wp-json\/wp\/v2\/pages\/1429#wpcf7-f312-o1\" method=\"post\" class=\"wpcf7-form init\" novalidate=\"novalidate\" data-status=\"init\">\n<div style=\"display: none;\">\n<input type=\"hidden\" name=\"_wpcf7\" value=\"312\" \/>\n<input type=\"hidden\" name=\"_wpcf7_version\" value=\"5.4.2\" \/>\n<input type=\"hidden\" name=\"_wpcf7_locale\" value=\"en_US\" \/>\n<input type=\"hidden\" name=\"_wpcf7_unit_tag\" value=\"wpcf7-f312-o1\" \/>\n<input type=\"hidden\" name=\"_wpcf7_container_post\" value=\"0\" \/>\n<input type=\"hidden\" name=\"_wpcf7_posted_data_hash\" value=\"\" \/>\n<\/div>\n<style>\n.elementor-1429 .elementor-element.elementor-element-2f407bb input[type=\"submit\"] {\n    margin: 0px 0px 0px 0px !important;\n    \n}\n<\/style>\n<label> <span class=\"wpcf7-form-control-wrap Name\"><input type=\"text\" name=\"Name\" value=\"\" size=\"40\" class=\"wpcf7-form-control wpcf7-text wpcf7-validates-as-required\" aria-required=\"true\" aria-invalid=\"false\" placeholder=\"Nombre\" \/><\/span><\/label>\n<label><span class=\"wpcf7-form-control-wrap your-email\"><input type=\"email\" name=\"your-email\" value=\"\" size=\"40\" class=\"wpcf7-form-control wpcf7-text wpcf7-email wpcf7-validates-as-required wpcf7-validates-as-email\" aria-required=\"true\" aria-invalid=\"false\" placeholder=\"Email\" \/><\/span> <\/label>\n<label><span class=\"wpcf7-form-control-wrap Message\"><textarea name=\"Message\" cols=\"40\" rows=\"10\" class=\"wpcf7-form-control wpcf7-textarea\" aria-invalid=\"false\" placeholder=\"Comentarios\"><\/textarea><\/span> <\/label>\n<span class=\"wpcf7-form-control-wrap acceptance-168\"><span class=\"wpcf7-form-control wpcf7-acceptance optional\"><span class=\"wpcf7-list-item\"><label><input type=\"checkbox\" name=\"acceptance-168\" value=\"1\" aria-invalid=\"false\" \/><span class=\"wpcf7-list-item-label\">He le\u00eddo y acepto la <a href=\"https:\/\/calabriconstruccions.com\/wp-content\/uploads\/2024\/11\/politica_de_privacidad.pdf\" target=\"_blank\">Pol\u00edtica de Privacidad<\/a><\/span><\/label><\/span><\/span><\/span>\n<input type=\"submit\" value=\"Enviar\" class=\"wpcf7-form-control wpcf7-submit\" \/>\n<p style=\"font-size:12px\"><b>PROTECCI\u00d3N DE DATOS:<\/b><br> De conformidad con lo dispuesto en el Reglamento (UE) 2016\/679, de 27 de abril de 2016 (GDPR) y la Ley Org\u00e1nica 3\/2018, de 5 de diciembre de Protecci\u00f3n de Datos Personales y garant\u00eda de los derechos digitales (LOPDGDD), le facilitamos la siguiente informaci\u00f3n del tratamiento: Responsable: CALABRI CONSTRUCCIONES Y PROMOCIONES S.L., B57292476, C\/Alba, 2 - 07109 Fornalutx (Illes Balears) ESPA\u00d1A, toni.calabri@gmail.com Fines del tratamiento: mantener una relaci\u00f3n comercial y env\u00edo de comunicaciones de productos o servicios Legitimaci\u00f3n: obligaci\u00f3n legal del Responsable y consentimiento del interesado cuando proceda. Tipolog\u00eda y conservaci\u00f3n: se tratan los datos m\u00ednimos necesarios para el fin y se conservan cumpliendo los plazos legales de prescripci\u00f3n. Destinatarios de cesiones: : las necesarias para el fin del tratamiento y para el cumplimiento de obligaciones legales.\nDerechos que le asisten: acceso, rectificaci\u00f3n, portabilidad, supresi\u00f3n, limitaci\u00f3n y oposici\u00f3n M\u00e1s informaci\u00f3n del tratamiento: <a href=\"mailto:toni.calabri@gmail.com\">toni.calabri@gmail.com<\/a><\/p><div class=\"wpcf7-response-output\" aria-hidden=\"true\"><\/div><\/form><\/div>\n\n            <\/div><!-- aux-col-wrapper -->\n    <\/section><!-- widget-container -->\t\t<\/div>\n\t\t\t\t<\/div>\n\t\t\t\t\t\t<\/div>\n\t\t\t\t\t<\/div>\n\t\t<\/div>\n\t\t\t\t\t\t\t\t<\/div>\n\t\t\t\t\t<\/div>\n\t\t<\/section>\n\t\t\t\t\t\t<\/div>\n\t\t\t\t\t<\/div>\n\t\t<\/div>\n\t\t\t\t<div class=\"aux-parallax-section elementor-column elementor-col-33 elementor-top-column elementor-element elementor-element-f451c41\" data-id=\"f451c41\" data-element_type=\"column\">\n\t\t\t<div class=\"elementor-column-wrap\">\n\t\t\t\t\t\t\t<div class=\"elementor-widget-wrap\">\n\t\t\t\t\t\t\t\t<\/div>\n\t\t\t\t\t<\/div>\n\t\t<\/div>\n\t\t\t\t\t\t\t\t<\/div>\n\t\t\t\t\t<\/div>\n\t\t<\/section>\n\t\t\t\t\t\t<\/div>\n\t\t\t\t\t\t<\/div>\n\t\t\t\t\t<\/div>\n\t\t","protected":false},"excerpt":{"rendered":"<p>Ens encantar\u00e0 con\u00e8ixer el teu projecte POSA&#8217;T EN CONTACTE AMB NOSALTRE Som una empresa amb \u00e0mplia experi\u00e8ncia en el sector de la construcci\u00f3. Posa&#8217;t en contacte amb nosaltres c\/ Alba, 2 &#8211; 07109 Fornalutx, Mallorca Tel: +34 971 638 405 M\u00f3vil: 0034 659 684 766 +34 971 638 405 toni.calabri@gmail.com<\/p>\n","protected":false},"author":1,"featured_media":0,"parent":0,"menu_order":0,"comment_status":"closed","ping_status":"closed","template":"templates\/page-builder-content.php","meta":{"footnotes":""},"yoast_head":"<!-- This site is optimized with the Yoast SEO plugin v17.9 - https:\/\/yoast.com\/wordpress\/plugins\/seo\/ -->\n<title>On es troba CALABRI Construccions i Promocions | Fornalutx - Mallorca<\/title>\n<meta name=\"robots\" content=\"index, follow, max-snippet:-1, max-image-preview:large, max-video-preview:-1\" \/>\n<link rel=\"canonical\" href=\"https:\/\/calabriconstruccions.com\/ca\/contacte-calabri-contruccions-i-promocions-a-fornalutx-mallorca\/\" \/>\n<meta property=\"og:locale\" content=\"ca_ES\" \/>\n<meta property=\"og:type\" content=\"article\" \/>\n<meta property=\"og:title\" content=\"On es troba CALABRI Construccions i Promocions | Fornalutx - Mallorca\" \/>\n<meta property=\"og:description\" content=\"Ens encantar\u00e0 con\u00e8ixer el teu projecte POSA&#8217;T EN CONTACTE AMB NOSALTRE Som una empresa amb \u00e0mplia experi\u00e8ncia en el sector de la construcci\u00f3. Posa&#8217;t en contacte amb nosaltres c\/ Alba, 2 &#8211; 07109 Fornalutx, Mallorca Tel: +34 971 638 405 M\u00f3vil: 0034 659 684 766 +34 971 638 405 toni.calabri@gmail.com\" \/>\n<meta property=\"og:url\" content=\"https:\/\/calabriconstruccions.com\/ca\/contacte-calabri-contruccions-i-promocions-a-fornalutx-mallorca\/\" \/>\n<meta property=\"og:site_name\" content=\"Calabri Construccions\" \/>\n<meta property=\"article:modified_time\" content=\"2022-08-09T07:37:02+00:00\" \/>\n<meta name=\"twitter:card\" content=\"summary_large_image\" \/>\n<meta name=\"twitter:label1\" content=\"Temps estimat de lectura\" \/>\n\t<meta name=\"twitter:data1\" content=\"1 minut\" \/>\n<script type=\"application\/ld+json\" class=\"yoast-schema-graph\">{\"@context\":\"https:\/\/schema.org\",\"@graph\":[{\"@type\":\"WebSite\",\"@id\":\"https:\/\/calabriconstruccions.com\/#website\",\"url\":\"https:\/\/calabriconstruccions.com\/\",\"name\":\"Calabri Construccions\",\"description\":\"Construcci\\u00f3n y reformas de casas realizadas en Fornalutx\",\"potentialAction\":[{\"@type\":\"SearchAction\",\"target\":{\"@type\":\"EntryPoint\",\"urlTemplate\":\"https:\/\/calabriconstruccions.com\/?s={search_term_string}\"},\"query-input\":\"required name=search_term_string\"}],\"inLanguage\":\"ca\"},{\"@type\":\"WebPage\",\"@id\":\"https:\/\/calabriconstruccions.com\/ca\/contacte-calabri-contruccions-i-promocions-a-fornalutx-mallorca\/#webpage\",\"url\":\"https:\/\/calabriconstruccions.com\/ca\/contacte-calabri-contruccions-i-promocions-a-fornalutx-mallorca\/\",\"name\":\"On es troba CALABRI Construccions i Promocions | Fornalutx - Mallorca\",\"isPartOf\":{\"@id\":\"https:\/\/calabriconstruccions.com\/#website\"},\"datePublished\":\"2019-10-08T08:36:59+00:00\",\"dateModified\":\"2022-08-09T07:37:02+00:00\",\"breadcrumb\":{\"@id\":\"https:\/\/calabriconstruccions.com\/ca\/contacte-calabri-contruccions-i-promocions-a-fornalutx-mallorca\/#breadcrumb\"},\"inLanguage\":\"ca\",\"potentialAction\":[{\"@type\":\"ReadAction\",\"target\":[\"https:\/\/calabriconstruccions.com\/ca\/contacte-calabri-contruccions-i-promocions-a-fornalutx-mallorca\/\"]}]},{\"@type\":\"BreadcrumbList\",\"@id\":\"https:\/\/calabriconstruccions.com\/ca\/contacte-calabri-contruccions-i-promocions-a-fornalutx-mallorca\/#breadcrumb\",\"itemListElement\":[{\"@type\":\"ListItem\",\"position\":1,\"name\":\"Portada\",\"item\":\"https:\/\/calabriconstruccions.com\/ca\/\"},{\"@type\":\"ListItem\",\"position\":2,\"name\":\"Contacte\"}]}]}<\/script>\n<!-- \/ Yoast SEO plugin. -->","yoast_head_json":{"title":"On es troba CALABRI Construccions i Promocions | Fornalutx - Mallorca","robots":{"index":"index","follow":"follow","max-snippet":"max-snippet:-1","max-image-preview":"max-image-preview:large","max-video-preview":"max-video-preview:-1"},"canonical":"https:\/\/calabriconstruccions.com\/ca\/contacte-calabri-contruccions-i-promocions-a-fornalutx-mallorca\/","og_locale":"ca_ES","og_type":"article","og_title":"On es troba CALABRI Construccions i Promocions | Fornalutx - Mallorca","og_description":"Ens encantar\u00e0 con\u00e8ixer el teu projecte POSA&#8217;T EN CONTACTE AMB NOSALTRE Som una empresa amb \u00e0mplia experi\u00e8ncia en el sector de la construcci\u00f3. Posa&#8217;t en contacte amb nosaltres c\/ Alba, 2 &#8211; 07109 Fornalutx, Mallorca Tel: +34 971 638 405 M\u00f3vil: 0034 659 684 766 +34 971 638 405 toni.calabri@gmail.com","og_url":"https:\/\/calabriconstruccions.com\/ca\/contacte-calabri-contruccions-i-promocions-a-fornalutx-mallorca\/","og_site_name":"Calabri Construccions","article_modified_time":"2022-08-09T07:37:02+00:00","twitter_card":"summary_large_image","twitter_misc":{"Temps estimat de lectura":"1 minut"},"schema":{"@context":"https:\/\/schema.org","@graph":[{"@type":"WebSite","@id":"https:\/\/calabriconstruccions.com\/#website","url":"https:\/\/calabriconstruccions.com\/","name":"Calabri Construccions","description":"Construcci\u00f3n y reformas de casas realizadas en Fornalutx","potentialAction":[{"@type":"SearchAction","target":{"@type":"EntryPoint","urlTemplate":"https:\/\/calabriconstruccions.com\/?s={search_term_string}"},"query-input":"required name=search_term_string"}],"inLanguage":"ca"},{"@type":"WebPage","@id":"https:\/\/calabriconstruccions.com\/ca\/contacte-calabri-contruccions-i-promocions-a-fornalutx-mallorca\/#webpage","url":"https:\/\/calabriconstruccions.com\/ca\/contacte-calabri-contruccions-i-promocions-a-fornalutx-mallorca\/","name":"On es troba CALABRI Construccions i Promocions | Fornalutx - Mallorca","isPartOf":{"@id":"https:\/\/calabriconstruccions.com\/#website"},"datePublished":"2019-10-08T08:36:59+00:00","dateModified":"2022-08-09T07:37:02+00:00","breadcrumb":{"@id":"https:\/\/calabriconstruccions.com\/ca\/contacte-calabri-contruccions-i-promocions-a-fornalutx-mallorca\/#breadcrumb"},"inLanguage":"ca","potentialAction":[{"@type":"ReadAction","target":["https:\/\/calabriconstruccions.com\/ca\/contacte-calabri-contruccions-i-promocions-a-fornalutx-mallorca\/"]}]},{"@type":"BreadcrumbList","@id":"https:\/\/calabriconstruccions.com\/ca\/contacte-calabri-contruccions-i-promocions-a-fornalutx-mallorca\/#breadcrumb","itemListElement":[{"@type":"ListItem","position":1,"name":"Portada","item":"https:\/\/calabriconstruccions.com\/ca\/"},{"@type":"ListItem","position":2,"name":"Contacte"}]}]}},"_links":{"self":[{"href":"https:\/\/calabriconstruccions.com\/ca\/wp-json\/wp\/v2\/pages\/1429"}],"collection":[{"href":"https:\/\/calabriconstruccions.com\/ca\/wp-json\/wp\/v2\/pages"}],"about":[{"href":"https:\/\/calabriconstruccions.com\/ca\/wp-json\/wp\/v2\/types\/page"}],"author":[{"embeddable":true,"href":"https:\/\/calabriconstruccions.com\/ca\/wp-json\/wp\/v2\/users\/1"}],"replies":[{"embeddable":true,"href":"https:\/\/calabriconstruccions.com\/ca\/wp-json\/wp\/v2\/comments?post=1429"}],"version-history":[{"count":8,"href":"https:\/\/calabriconstruccions.com\/ca\/wp-json\/wp\/v2\/pages\/1429\/revisions"}],"predecessor-version":[{"id":1727,"href":"https:\/\/calabriconstruccions.com\/ca\/wp-json\/wp\/v2\/pages\/1429\/revisions\/1727"}],"wp:attachment":[{"href":"https:\/\/calabriconstruccions.com\/ca\/wp-json\/wp\/v2\/media?parent=1429"}],"curies":[{"name":"wp","href":"https:\/\/api.w.org\/{rel}","templated":true}]}}